{"id":90,"date":"2021-01-10T21:11:34","date_gmt":"2021-01-10T20:11:34","guid":{"rendered":"https:\/\/mcpknet.pl\/?page_id=90"},"modified":"2025-10-27T22:01:48","modified_gmt":"2025-10-27T21:01:48","slug":"rozrywka","status":"publish","type":"page","link":"https:\/\/mcpk.net\/?page_id=90","title":{"rendered":"Rozrywka"},"content":{"rendered":"<p><img loading=\"lazy\" decoding=\"async\" class=\"alignnone size-full wp-image-295\" src=\"https:\/\/mcpk.net\/wp-content\/uploads\/2021\/01\/conowego.jpg\" alt=\"\" width=\"406\" height=\"325\" srcset=\"https:\/\/mcpk.net\/wp-content\/uploads\/2021\/01\/conowego.jpg 406w, https:\/\/mcpk.net\/wp-content\/uploads\/2021\/01\/conowego-300x240.jpg 300w\" sizes=\"auto, (max-width: 406px) 100vw, 406px\" \/><\/p>\n<h2>Wybrane zagadnienia z kolokwi\u00f3w<\/h2>\n<p><a href=\"https:\/\/mcpk.net\/?p=297\">Kolokwia cz\u0119\u015b\u0107 I<\/a> &#8211; (6-02-1998)<br \/>\n<a href=\"https:\/\/mcpk.net\/?p=301\">Kolokwia cz\u0119\u015b\u0107 II<\/a> &#8211; (6-02-1998)<br \/>\n<a href=\"https:\/\/mcpk.net\/?p=305\">Kolokwia cz\u0119\u015b\u0107 III<\/a> &#8211; (27-07-1998)<br \/>\n<a href=\"https:\/\/mcpk.net\/?p=307\">Kolokwia cz\u0119\u015b\u0107 IV<\/a> &#8211; (9-04-1999)<br \/>\n<a href=\"https:\/\/mcpk.net\/?p=309\">Kolokwia cz\u0119\u015b\u0107 V<\/a> &#8211; (28-08-1999)<br \/>\n<a href=\"https:\/\/mcpk.net\/?p=311\">Kolokwia cz\u0119\u015b\u0107 VI<\/a> &#8211; (26-04-2001)<br \/>\n<a href=\"https:\/\/mcpk.net\/?p=315\">Podstawowe zasady oprysk\u00f3w<\/a> &#8211; (8-04-1998)<br \/>\n<a href=\"https:\/\/mcpk.net\/?p=317\">Prace naukowe<\/a> &#8211; (26-04-2001)<br \/>\n<a href=\"https:\/\/mcpk.net\/?p=319\">Kolokwia 2008<\/a> &#8211; (18-06-2008)<\/p>\n","protected":false},"excerpt":{"rendered":"<p>Wybrane zagadnienia z kolokwi\u00f3w Kolokwia cz\u0119\u015b\u0107 I &#8211; (6-02-1998) Kolokwia cz\u0119\u015b\u0107 II &#8211; (6-02-1998) Kolokwia cz\u0119\u015b\u0107 III &#8211; (27-07-1998) Kolokwia cz\u0119\u015b\u0107 IV &#8211; (9-04-1999) Kolokwia cz\u0119\u015b\u0107 V &#8211; (28-08-1999) Kolokwia cz\u0119\u015b\u0107 VI &#8211; (26-04-2001) Podstawowe zasady oprysk\u00f3w &#8211; (8-04-1998) Prace naukowe &#8211; (26-04-2001) Kolokwia 2008 &#8211; (18-06-2008)<\/p>\n","protected":false},"author":2,"featured_media":0,"parent":0,"menu_order":0,"comment_status":"closed","ping_status":"closed","template":"","meta":{"footnotes":""},"class_list":["post-90","page","type-page","status-publish"],"_links":{"self":[{"href":"https:\/\/mcpk.net\/index.php?rest_route=\/wp\/v2\/pages\/90","targetHints":{"allow":["GET"]}}],"collection":[{"href":"https:\/\/mcpk.net\/index.php?rest_route=\/wp\/v2\/pages"}],"about":[{"href":"https:\/\/mcpk.net\/index.php?rest_route=\/wp\/v2\/types\/page"}],"author":[{"embeddable":true,"href":"https:\/\/mcpk.net\/index.php?rest_route=\/wp\/v2\/users\/2"}],"replies":[{"embeddable":true,"href":"https:\/\/mcpk.net\/index.php?rest_route=%2Fwp%2Fv2%2Fcomments&post=90"}],"version-history":[{"count":9,"href":"https:\/\/mcpk.net\/index.php?rest_route=\/wp\/v2\/pages\/90\/revisions"}],"predecessor-version":[{"id":648,"href":"https:\/\/mcpk.net\/index.php?rest_route=\/wp\/v2\/pages\/90\/revisions\/648"}],"wp:attachment":[{"href":"https:\/\/mcpk.net\/index.php?rest_route=%2Fwp%2Fv2%2Fmedia&parent=90"}],"curies":[{"name":"wp","href":"https:\/\/api.w.org\/{rel}","templated":true}]}}