{"id":88,"date":"2021-01-10T21:10:27","date_gmt":"2021-01-10T20:10:27","guid":{"rendered":"https:\/\/mcpknet.pl\/?page_id=88"},"modified":"2025-10-27T21:34:22","modified_gmt":"2025-10-27T20:34:22","slug":"programy","status":"publish","type":"page","link":"https:\/\/mcpk.net\/?page_id=88","title":{"rendered":"Programy"},"content":{"rendered":"<h2>System OTR-7<\/h2>\n<p><a href=\"https:\/\/mcpk.net\/?page_id=115\">OTR-7<\/a> &#8211; Organizator Techniki Rolniczej &#8211; projektowanie gospodarstw rolnych <img loading=\"lazy\" decoding=\"async\" class=\"alignnone wp-image-235\" src=\"https:\/\/mcpk.net\/wp-content\/uploads\/2021\/01\/best.gif\" alt=\"\" width=\"33\" height=\"26\" \/><br \/>\n<a href=\"https:\/\/mcpk.net\/?page_id=127\">Maszyny<\/a> &#8211; katalog (baza danych) maszyn maszyn rolniczych<br \/>\n<a href=\"https:\/\/mcpk.net\/?page_id=129\">Nawozy<\/a> &#8211; liczenie dawki nawoz\u00f3w<br \/>\n<a href=\"https:\/\/mcpk.net\/?page_id=131\">Agregat<\/a> &#8211; cykl pracy maszyn<br \/>\n<a href=\"https:\/\/mcpk.net\/?page_id=133\">Herbicyd<\/a> &#8211; planowanie chemicznej ochrony ro\u015blin<br \/>\n<a href=\"https:\/\/mcpk.net\/?page_id=135\">Bilenero<\/a> &#8211; bilans energetyczny agregat\u00f3w rolniczych (wersja testowa, rozwojowa)<\/p>\n<hr \/>\n<h2>Pozosta\u0142e programy<\/h2>\n<p><a href=\"https:\/\/www.segae.org\/\">SEGAE<\/a> &#8211; gra edukacyjna <img loading=\"lazy\" decoding=\"async\" class=\"alignnone wp-image-235\" src=\"https:\/\/mcpk.net\/wp-content\/uploads\/2021\/01\/best.gif\" alt=\"\" width=\"33\" height=\"26\" \/><br \/>\n<a href=\"https:\/\/mcpk.net\/?page_id=137\">Gekko<\/a> &#8211; sprawozdawczo\u015b\u0107 w gospodarstwach ekologicznych<br \/>\n<a href=\"https:\/\/mcpk.net\/?page_id=247\">Inne<\/a> &#8211; programy innych autor\u00f3w, wersje testowe<\/p>\n<hr \/>\n<p><a href=\"https:\/\/mcpk.net\/?page_id=110\">Licencja<\/a> &#8211; skr\u00f3cona licencja oprogramowania<br \/>\n<a href=\"https:\/\/mcpk.net\/?page_id=139\">Rejestracja<\/a> &#8211; zarejestruj program<\/p>\n","protected":false},"excerpt":{"rendered":"<p>System OTR-7 OTR-7 &#8211; Organizator Techniki Rolniczej &#8211; projektowanie gospodarstw rolnych Maszyny &#8211; katalog (baza danych) maszyn maszyn rolniczych Nawozy &#8211; liczenie dawki nawoz\u00f3w Agregat &#8211; cykl pracy maszyn Herbicyd &#8211; planowanie chemicznej ochrony ro\u015blin Bilenero &#8211; bilans energetyczny agregat\u00f3w rolniczych (wersja testowa, rozwojowa) Pozosta\u0142e programy SEGAE &#8211; gra edukacyjna Gekko &#8211; sprawozdawczo\u015b\u0107 w gospodarstwach &#8230; <a title=\"Programy\" class=\"read-more\" href=\"https:\/\/mcpk.net\/?page_id=88\" aria-label=\"Dowiedz si\u0119 wi\u0119cej o Programy\">Dowiedz si\u0119 wi\u0119cej<\/a><\/p>\n","protected":false},"author":2,"featured_media":0,"parent":0,"menu_order":0,"comment_status":"closed","ping_status":"closed","template":"","meta":{"footnotes":""},"class_list":["post-88","page","type-page","status-publish"],"_links":{"self":[{"href":"https:\/\/mcpk.net\/index.php?rest_route=\/wp\/v2\/pages\/88","targetHints":{"allow":["GET"]}}],"collection":[{"href":"https:\/\/mcpk.net\/index.php?rest_route=\/wp\/v2\/pages"}],"about":[{"href":"https:\/\/mcpk.net\/index.php?rest_route=\/wp\/v2\/types\/page"}],"author":[{"embeddable":true,"href":"https:\/\/mcpk.net\/index.php?rest_route=\/wp\/v2\/users\/2"}],"replies":[{"embeddable":true,"href":"https:\/\/mcpk.net\/index.php?rest_route=%2Fwp%2Fv2%2Fcomments&post=88"}],"version-history":[{"count":24,"href":"https:\/\/mcpk.net\/index.php?rest_route=\/wp\/v2\/pages\/88\/revisions"}],"predecessor-version":[{"id":626,"href":"https:\/\/mcpk.net\/index.php?rest_route=\/wp\/v2\/pages\/88\/revisions\/626"}],"wp:attachment":[{"href":"https:\/\/mcpk.net\/index.php?rest_route=%2Fwp%2Fv2%2Fmedia&parent=88"}],"curies":[{"name":"wp","href":"https:\/\/api.w.org\/{rel}","templated":true}]}}