{"id":86,"date":"2021-01-10T21:08:57","date_gmt":"2021-01-10T20:08:57","guid":{"rendered":"https:\/\/mcpknet.pl\/?page_id=86"},"modified":"2025-10-27T21:48:46","modified_gmt":"2025-10-27T20:48:46","slug":"nauka","status":"publish","type":"page","link":"https:\/\/mcpk.net\/?page_id=86","title":{"rendered":"Nauka"},"content":{"rendered":"<h2>Praca naukowa<\/h2>\n<p><a href=\"https:\/\/mcpk.net\/?page_id=326\">Publikacje naukowe<\/a><\/p>\n<p><a href=\"https:\/\/mcpk.net\/?p=461\">Projekty badawcze<\/a><\/p>\n<p><a href=\"https:\/\/mcpk.net\/?p=475\">Pozosta\u0142a dzia\u0142alno\u015b\u0107<\/a><\/p>\n","protected":false},"excerpt":{"rendered":"<p>Praca naukowa Publikacje naukowe Projekty badawcze Pozosta\u0142a dzia\u0142alno\u015b\u0107<\/p>\n","protected":false},"author":2,"featured_media":0,"parent":0,"menu_order":0,"comment_status":"closed","ping_status":"closed","template":"","meta":{"footnotes":""},"class_list":["post-86","page","type-page","status-publish"],"_links":{"self":[{"href":"https:\/\/mcpk.net\/index.php?rest_route=\/wp\/v2\/pages\/86","targetHints":{"allow":["GET"]}}],"collection":[{"href":"https:\/\/mcpk.net\/index.php?rest_route=\/wp\/v2\/pages"}],"about":[{"href":"https:\/\/mcpk.net\/index.php?rest_route=\/wp\/v2\/types\/page"}],"author":[{"embeddable":true,"href":"https:\/\/mcpk.net\/index.php?rest_route=\/wp\/v2\/users\/2"}],"replies":[{"embeddable":true,"href":"https:\/\/mcpk.net\/index.php?rest_route=%2Fwp%2Fv2%2Fcomments&post=86"}],"version-history":[{"count":7,"href":"https:\/\/mcpk.net\/index.php?rest_route=\/wp\/v2\/pages\/86\/revisions"}],"predecessor-version":[{"id":639,"href":"https:\/\/mcpk.net\/index.php?rest_route=\/wp\/v2\/pages\/86\/revisions\/639"}],"wp:attachment":[{"href":"https:\/\/mcpk.net\/index.php?rest_route=%2Fwp%2Fv2%2Fmedia&parent=86"}],"curies":[{"name":"wp","href":"https:\/\/api.w.org\/{rel}","templated":true}]}}