{"id":67,"date":"2021-01-10T20:43:09","date_gmt":"2021-01-10T19:43:09","guid":{"rendered":"https:\/\/mcpknet.pl\/?page_id=67"},"modified":"2025-10-27T21:33:12","modified_gmt":"2025-10-27T20:33:12","slug":"dydaktyka","status":"publish","type":"page","link":"https:\/\/mcpk.net\/?page_id=67","title":{"rendered":"Dydaktyka"},"content":{"rendered":"<h2>Zaj\u0119cia prowadzone na Wydziale In\u017cynierii Produkcji i Energetyki<\/h2>\n<ul>\n<li>Zintegrowane systemy zarz\u0105dzania<\/li>\n<li>Technologie informacyjne<\/li>\n<li>Projektowanie technologii produkcji surowcowej<\/li>\n<li>Systemy informatyczne w zarz\u0105dzaniu produkcj\u0105<\/li>\n<li>Systemy operacyjne i sieci komputerowe<\/li>\n<li>Analiza i projektowanie system\u00f3w informatycznych<\/li>\n<li>In\u017cynieria oprogramowania<\/li>\n<li>Systemy IT w zarz\u0105dzaniu flot\u0105<\/li>\n<li>Wst\u0119p do informatyki<\/li>\n<li>Seminarium dyplomowe in\u017cynierskie i magisterskie<\/li>\n<\/ul>\n<hr \/>\n<h6>Aktualny program zaj\u0119\u0107 oraz materia\u0142y dydaktyczne zamieszczone s\u0105 na <a href=\"https:\/\/eureka.urk.edu.pl\">platformie e-learningowej wydzia\u0142u<\/a><br \/>\n* dost\u0119p po zalogowaniu<\/h6>\n<hr \/>\n<h2>Konsultacje<\/h2>\n<p><a href=\"https:\/\/mcpk.net\/?page_id=426\">Konsultacje<\/a> dla student\u00f3w<\/p>\n","protected":false},"excerpt":{"rendered":"<p>Zaj\u0119cia prowadzone na Wydziale In\u017cynierii Produkcji i Energetyki Zintegrowane systemy zarz\u0105dzania Technologie informacyjne Projektowanie technologii produkcji surowcowej Systemy informatyczne w zarz\u0105dzaniu produkcj\u0105 Systemy operacyjne i sieci komputerowe Analiza i projektowanie system\u00f3w informatycznych In\u017cynieria oprogramowania Systemy IT w zarz\u0105dzaniu flot\u0105 Wst\u0119p do informatyki Seminarium dyplomowe in\u017cynierskie i magisterskie Aktualny program zaj\u0119\u0107 oraz materia\u0142y dydaktyczne zamieszczone s\u0105 &#8230; <a title=\"Dydaktyka\" class=\"read-more\" href=\"https:\/\/mcpk.net\/?page_id=67\" aria-label=\"Dowiedz si\u0119 wi\u0119cej o Dydaktyka\">Dowiedz si\u0119 wi\u0119cej<\/a><\/p>\n","protected":false},"author":2,"featured_media":0,"parent":0,"menu_order":0,"comment_status":"closed","ping_status":"closed","template":"","meta":{"footnotes":""},"class_list":["post-67","page","type-page","status-publish"],"_links":{"self":[{"href":"https:\/\/mcpk.net\/index.php?rest_route=\/wp\/v2\/pages\/67","targetHints":{"allow":["GET"]}}],"collection":[{"href":"https:\/\/mcpk.net\/index.php?rest_route=\/wp\/v2\/pages"}],"about":[{"href":"https:\/\/mcpk.net\/index.php?rest_route=\/wp\/v2\/types\/page"}],"author":[{"embeddable":true,"href":"https:\/\/mcpk.net\/index.php?rest_route=\/wp\/v2\/users\/2"}],"replies":[{"embeddable":true,"href":"https:\/\/mcpk.net\/index.php?rest_route=%2Fwp%2Fv2%2Fcomments&post=67"}],"version-history":[{"count":9,"href":"https:\/\/mcpk.net\/index.php?rest_route=\/wp\/v2\/pages\/67\/revisions"}],"predecessor-version":[{"id":624,"href":"https:\/\/mcpk.net\/index.php?rest_route=\/wp\/v2\/pages\/67\/revisions\/624"}],"wp:attachment":[{"href":"https:\/\/mcpk.net\/index.php?rest_route=%2Fwp%2Fv2%2Fmedia&parent=67"}],"curies":[{"name":"wp","href":"https:\/\/api.w.org\/{rel}","templated":true}]}}