{"id":426,"date":"2022-10-10T22:00:00","date_gmt":"2022-10-10T20:00:00","guid":{"rendered":"https:\/\/mcpknet.pl\/?page_id=426"},"modified":"2023-09-12T15:06:22","modified_gmt":"2023-09-12T13:06:22","slug":"konsultacje","status":"publish","type":"page","link":"https:\/\/mcpk.net\/?page_id=426","title":{"rendered":"Konsultacje"},"content":{"rendered":"<h2>Konsultacje na WIPIE<\/h2>\n<ul>\n<li>konsultacje na Wydziale: pok\u00f3j 14, budynek A<\/li>\n<li>konsultacje M$ Teams: kod zespo\u0142u: 11ppurj<\/li>\n<li>miejsce konsultacji podane jest w kalendarzu<\/li>\n<li>w celu ustalenia innego terminu prosz\u0119 o kontakt mailowy lub telefoniczny<\/li>\n<li>konsultacje odbywaj\u0105 si\u0119 w czasie trwania roku akademickiego<\/li>\n<\/ul>\n<p>Kalendarz konsultacji:<br \/>\n<iframe loading=\"lazy\" style=\"border: solid 1px #777;\" src=\"https:\/\/calendar.google.com\/calendar\/embed?height=500&amp;wkst=2&amp;bgcolor=%23ffffff&amp;ctz=Europe%2FWarsaw&amp;mode=WEEK&amp;showTitle=0&amp;showPrint=0&amp;showCalendars=0&amp;showTz=0&amp;showTabs=0&amp;showNav=1&amp;src=ZTc1NzgwZTczNWYyNmM1NWIzY2Y0N2RhMjljNTA2N2E2YmU2YzAzNWEzZjc3YmE2OThkNmQ4ZWJkZjY4MmU3MkBncm91cC5jYWxlbmRhci5nb29nbGUuY29t&amp;color=%23A79B8E\" width=\"600\" height=\"500\" frameborder=\"0\" scrolling=\"no\"><\/iframe><\/p>\n","protected":false},"excerpt":{"rendered":"<p>Konsultacje na WIPIE konsultacje na Wydziale: pok\u00f3j 14, budynek A konsultacje M$ Teams: kod zespo\u0142u: 11ppurj miejsce konsultacji podane jest w kalendarzu w celu ustalenia innego terminu prosz\u0119 o kontakt mailowy lub telefoniczny konsultacje odbywaj\u0105 si\u0119 w czasie trwania roku akademickiego Kalendarz konsultacji:<\/p>\n","protected":false},"author":2,"featured_media":0,"parent":0,"menu_order":0,"comment_status":"closed","ping_status":"closed","template":"","meta":{"footnotes":""},"class_list":["post-426","page","type-page","status-publish"],"_links":{"self":[{"href":"https:\/\/mcpk.net\/index.php?rest_route=\/wp\/v2\/pages\/426","targetHints":{"allow":["GET"]}}],"collection":[{"href":"https:\/\/mcpk.net\/index.php?rest_route=\/wp\/v2\/pages"}],"about":[{"href":"https:\/\/mcpk.net\/index.php?rest_route=\/wp\/v2\/types\/page"}],"author":[{"embeddable":true,"href":"https:\/\/mcpk.net\/index.php?rest_route=\/wp\/v2\/users\/2"}],"replies":[{"embeddable":true,"href":"https:\/\/mcpk.net\/index.php?rest_route=%2Fwp%2Fv2%2Fcomments&post=426"}],"version-history":[{"count":8,"href":"https:\/\/mcpk.net\/index.php?rest_route=\/wp\/v2\/pages\/426\/revisions"}],"predecessor-version":[{"id":545,"href":"https:\/\/mcpk.net\/index.php?rest_route=\/wp\/v2\/pages\/426\/revisions\/545"}],"wp:attachment":[{"href":"https:\/\/mcpk.net\/index.php?rest_route=%2Fwp%2Fv2%2Fmedia&parent=426"}],"curies":[{"name":"wp","href":"https:\/\/api.w.org\/{rel}","templated":true}]}}