{"id":326,"date":"2021-01-28T23:12:01","date_gmt":"2021-01-28T22:12:01","guid":{"rendered":"https:\/\/mcpknet.pl\/?page_id=326"},"modified":"2025-10-27T21:25:32","modified_gmt":"2025-10-27T20:25:32","slug":"publikacje","status":"publish","type":"page","link":"https:\/\/mcpk.net\/?page_id=326","title":{"rendered":"Publikacje"},"content":{"rendered":"<p>Publikacje naukowe<br \/>\n.<br \/>\n<a href=\"https:\/\/mcpk.net\/?p=322\">Monografie<\/a> &#8211; wydawnictwa ksi\u0105\u017ckowe<br \/>\n<a href=\"https:\/\/mcpk.net\/?p=331\">Publikacje 1<\/a> &#8211; artyku\u0142y w wydawnictwach naukowych (do 2010)<br \/>\n<a href=\"https:\/\/mcpk.net\/?p=334\">Publikacje 2<\/a> &#8211; artyku\u0142y w wydawnictwach naukowych (od 2011 -2013)<br \/>\n<a href=\"https:\/\/mcpk.net\/?p=337\">Publikacje 3<\/a> &#8211; artyku\u0142y w wydawnictwach naukowych (od 2014 &#8211; 2016)<br \/>\n<a href=\"https:\/\/mcpk.net\/?p=448\">Publikacje 4<\/a> &#8211; artyku\u0142y w wydawnictwach naukowych (od 2017 &#8211; 2020)<br \/>\n<a href=\"https:\/\/mcpk.net\/?p=458\/\">Publikacje 5<\/a> &#8211; artyku\u0142y w wydawnictwach naukowych (od 2021)<br \/>\n<a href=\"https:\/\/mcpk.net\/?p=339\">Inne<\/a> &#8211; inne materia\u0142y (streszczenia itp.)<\/p>\n<p>&nbsp;<\/p>\n<p><a href=\"https:\/\/orcid.org\/0000-0002-1984-6861\"><img decoding=\"async\" src=\"https:\/\/repo.ur.krakow.pl\/javax.faces.resource\/img\/orcid_16x16.png.seam\" alt=\"ORCID logo\" \/>\u00a0https:\/\/orcid.org\/0000-0002-1984-6861<\/a><\/p>\n","protected":false},"excerpt":{"rendered":"<p>Publikacje naukowe . Monografie &#8211; wydawnictwa ksi\u0105\u017ckowe Publikacje 1 &#8211; artyku\u0142y w wydawnictwach naukowych (do 2010) Publikacje 2 &#8211; artyku\u0142y w wydawnictwach naukowych (od 2011 -2013) Publikacje 3 &#8211; artyku\u0142y w wydawnictwach naukowych (od 2014 &#8211; 2016) Publikacje 4 &#8211; artyku\u0142y w wydawnictwach naukowych (od 2017 &#8211; 2020) Publikacje 5 &#8211; artyku\u0142y w wydawnictwach naukowych &#8230; <a title=\"Publikacje\" class=\"read-more\" href=\"https:\/\/mcpk.net\/?page_id=326\" aria-label=\"Dowiedz si\u0119 wi\u0119cej o Publikacje\">Dowiedz si\u0119 wi\u0119cej<\/a><\/p>\n","protected":false},"author":2,"featured_media":0,"parent":0,"menu_order":0,"comment_status":"closed","ping_status":"closed","template":"","meta":{"footnotes":""},"class_list":["post-326","page","type-page","status-publish"],"_links":{"self":[{"href":"https:\/\/mcpk.net\/index.php?rest_route=\/wp\/v2\/pages\/326","targetHints":{"allow":["GET"]}}],"collection":[{"href":"https:\/\/mcpk.net\/index.php?rest_route=\/wp\/v2\/pages"}],"about":[{"href":"https:\/\/mcpk.net\/index.php?rest_route=\/wp\/v2\/types\/page"}],"author":[{"embeddable":true,"href":"https:\/\/mcpk.net\/index.php?rest_route=\/wp\/v2\/users\/2"}],"replies":[{"embeddable":true,"href":"https:\/\/mcpk.net\/index.php?rest_route=%2Fwp%2Fv2%2Fcomments&post=326"}],"version-history":[{"count":9,"href":"https:\/\/mcpk.net\/index.php?rest_route=\/wp\/v2\/pages\/326\/revisions"}],"predecessor-version":[{"id":618,"href":"https:\/\/mcpk.net\/index.php?rest_route=\/wp\/v2\/pages\/326\/revisions\/618"}],"wp:attachment":[{"href":"https:\/\/mcpk.net\/index.php?rest_route=%2Fwp%2Fv2%2Fmedia&parent=326"}],"curies":[{"name":"wp","href":"https:\/\/api.w.org\/{rel}","templated":true}]}}