{"id":247,"date":"2021-01-28T21:33:29","date_gmt":"2021-01-28T20:33:29","guid":{"rendered":"https:\/\/mcpknet.pl\/?page_id=247"},"modified":"2025-02-06T12:53:11","modified_gmt":"2025-02-06T11:53:11","slug":"programy-rozne","status":"publish","type":"page","link":"https:\/\/mcpk.net\/?page_id=247","title":{"rendered":"Programy r\u00f3\u017cne"},"content":{"rendered":"<h2>Programy innych autor\u00f3w<\/h2>\n<hr \/>\n<h3>Machine park manager<\/h3>\n<p>Program do obs\u0142ugi zespo\u0142\u00f3w maszynowych.<br \/>\nAutorem jest\u00a0<strong><em>Juliusz Godek<\/em><\/strong>.<\/p>\n<hr \/>\n<h3>Kalkulator dawek paszowych dla byd\u0142a<\/h3>\n<p>Aplikacja w wersji internetowej.<br \/>\nAutorem jest\u00a0<strong><em>Pawe\u0142 Jask\u00f3\u0142ka<\/em><\/strong>.<br \/>\n<u><\/u><\/p>\n<hr \/>\n","protected":false},"excerpt":{"rendered":"<p>Programy innych autor\u00f3w Machine park manager Program do obs\u0142ugi zespo\u0142\u00f3w maszynowych. Autorem jest\u00a0Juliusz Godek. Kalkulator dawek paszowych dla byd\u0142a Aplikacja w wersji internetowej. Autorem jest\u00a0Pawe\u0142 Jask\u00f3\u0142ka.<\/p>\n","protected":false},"author":2,"featured_media":0,"parent":0,"menu_order":0,"comment_status":"closed","ping_status":"closed","template":"","meta":{"footnotes":""},"class_list":["post-247","page","type-page","status-publish"],"_links":{"self":[{"href":"https:\/\/mcpk.net\/index.php?rest_route=\/wp\/v2\/pages\/247","targetHints":{"allow":["GET"]}}],"collection":[{"href":"https:\/\/mcpk.net\/index.php?rest_route=\/wp\/v2\/pages"}],"about":[{"href":"https:\/\/mcpk.net\/index.php?rest_route=\/wp\/v2\/types\/page"}],"author":[{"embeddable":true,"href":"https:\/\/mcpk.net\/index.php?rest_route=\/wp\/v2\/users\/2"}],"replies":[{"embeddable":true,"href":"https:\/\/mcpk.net\/index.php?rest_route=%2Fwp%2Fv2%2Fcomments&post=247"}],"version-history":[{"count":8,"href":"https:\/\/mcpk.net\/index.php?rest_route=\/wp\/v2\/pages\/247\/revisions"}],"predecessor-version":[{"id":598,"href":"https:\/\/mcpk.net\/index.php?rest_route=\/wp\/v2\/pages\/247\/revisions\/598"}],"wp:attachment":[{"href":"https:\/\/mcpk.net\/index.php?rest_route=%2Fwp%2Fv2%2Fmedia&parent=247"}],"curies":[{"name":"wp","href":"https:\/\/api.w.org\/{rel}","templated":true}]}}