{"id":240,"date":"2021-01-28T21:26:45","date_gmt":"2021-01-28T20:26:45","guid":{"rendered":"https:\/\/mcpknet.pl\/?page_id=240"},"modified":"2025-10-27T21:58:19","modified_gmt":"2025-10-27T20:58:19","slug":"pozostale-programy-2","status":"publish","type":"page","link":"https:\/\/mcpk.net\/?page_id=240","title":{"rendered":"Pozosta\u0142e programy"},"content":{"rendered":"<h2>Pozosta\u0142e programy<\/h2>\n<p><a href=\"https:\/\/www.segae.org\/\">SEGAE<\/a> &#8211; gra edukacyjna <img loading=\"lazy\" decoding=\"async\" class=\"alignnone wp-image-235\" src=\"https:\/\/mcpk.net\/wp-content\/uploads\/2021\/01\/best.gif\" alt=\"\" width=\"33\" height=\"26\" \/><br \/>\n<a href=\"https:\/\/mcpk.net\/?page_id=137\">Gekko<\/a> &#8211; sprawozdawczo\u015b\u0107 w gospodarstwach ekologicznych<br \/>\n<a href=\"https:\/\/mcpk.net\/?page_id=247\">Inne<\/a> &#8211; programy innych autor\u00f3w, wersje testowe<\/p>\n","protected":false},"excerpt":{"rendered":"<p>Pozosta\u0142e programy SEGAE &#8211; gra edukacyjna Gekko &#8211; sprawozdawczo\u015b\u0107 w gospodarstwach ekologicznych Inne &#8211; programy innych autor\u00f3w, wersje testowe<\/p>\n","protected":false},"author":2,"featured_media":0,"parent":0,"menu_order":0,"comment_status":"closed","ping_status":"closed","template":"","meta":{"footnotes":""},"class_list":["post-240","page","type-page","status-publish"],"_links":{"self":[{"href":"https:\/\/mcpk.net\/index.php?rest_route=\/wp\/v2\/pages\/240","targetHints":{"allow":["GET"]}}],"collection":[{"href":"https:\/\/mcpk.net\/index.php?rest_route=\/wp\/v2\/pages"}],"about":[{"href":"https:\/\/mcpk.net\/index.php?rest_route=\/wp\/v2\/types\/page"}],"author":[{"embeddable":true,"href":"https:\/\/mcpk.net\/index.php?rest_route=\/wp\/v2\/users\/2"}],"replies":[{"embeddable":true,"href":"https:\/\/mcpk.net\/index.php?rest_route=%2Fwp%2Fv2%2Fcomments&post=240"}],"version-history":[{"count":10,"href":"https:\/\/mcpk.net\/index.php?rest_route=\/wp\/v2\/pages\/240\/revisions"}],"predecessor-version":[{"id":647,"href":"https:\/\/mcpk.net\/index.php?rest_route=\/wp\/v2\/pages\/240\/revisions\/647"}],"wp:attachment":[{"href":"https:\/\/mcpk.net\/index.php?rest_route=%2Fwp%2Fv2%2Fmedia&parent=240"}],"curies":[{"name":"wp","href":"https:\/\/api.w.org\/{rel}","templated":true}]}}