{"id":133,"date":"2021-01-10T21:53:39","date_gmt":"2021-01-10T20:53:39","guid":{"rendered":"https:\/\/mcpknet.pl\/?page_id=133"},"modified":"2025-10-27T21:35:18","modified_gmt":"2025-10-27T20:35:18","slug":"herbicyd","status":"publish","type":"page","link":"https:\/\/mcpk.net\/?page_id=133","title":{"rendered":"Herbicyd"},"content":{"rendered":"<h2>Program Herbicyd 2<\/h2>\n<p>Zawiera dane ro\u015blin, szkodnik\u00f3w (agrofag\u00f3w), \u015brodk\u00f3w ochrony ro\u015blin oraz sposob\u00f3w ich stosowania.<br \/>\nDane do bazy zebrane zosta\u0142y przez Jaros\u0142awa Gila.<\/p>\n<hr \/>\n<p>Aplikacja wsp\u00f3\u0142pracuje z programem <a href=\"https:\/\/mcpk.net\/?page_id=115\">OTR-7 <img loading=\"lazy\" decoding=\"async\" class=\"alignnone size-full wp-image-265\" src=\"https:\/\/mcpk.net\/wp-content\/uploads\/2021\/01\/traktor.gif\" alt=\"\" width=\"32\" height=\"32\" \/><\/a><\/p>\n<hr \/>\n<p><u>Pobierz:<\/u><\/p>\n<p><a href=\"https:\/\/cupial.mcpk.net\/zip\/Herbicyd2_install.exe\"><img loading=\"lazy\" decoding=\"async\" class=\"alignnone size-full wp-image-210\" src=\"https:\/\/mcpk.net\/wp-content\/uploads\/2021\/01\/pobierz.png\" alt=\"\" width=\"50\" height=\"50\" \/>\u00a0Herbicyd 2<\/a>\u00a0&#8211; wersja [1.02] [2008-04-08]\u00a0(Vista\/XP\/2000\/98\/95\/Linux)<br \/>\n&#8212;&#8212;&#8212;&#8212;&#8212;&#8212;&#8212;&#8212;&#8212;&#8211;<\/p>\n<p>poni\u017csze pliki zawieraj\u0105 dodatkowe dane do programu<br \/>\n<u>Pliki do wykorzystania wy\u0142\u0105cznie w ramach zaj\u0119\u0107 na Wydziale IPiE<\/u><br \/>\ndo pobrania po podaniu\u00a0<strong>loginu i has\u0142a<\/strong>:<br \/>\n&#8211;\u00a0<a href=\"http:\/\/cupial.mcpk.net\/securite\/secur_herbicyd.php\">dodatkowe pliki<\/a>\u00a0do programu Herbicyd-2<\/p>\n<hr \/>\n<p><u>Zrzuty ekranu<\/u><\/p>\n<p><img loading=\"lazy\" decoding=\"async\" class=\"alignnone size-full wp-image-230\" src=\"https:\/\/mcpk.net\/wp-content\/uploads\/2021\/01\/snap_herbicyd2.jpg\" alt=\"\" width=\"420\" height=\"287\" srcset=\"https:\/\/mcpk.net\/wp-content\/uploads\/2021\/01\/snap_herbicyd2.jpg 420w, https:\/\/mcpk.net\/wp-content\/uploads\/2021\/01\/snap_herbicyd2-300x205.jpg 300w\" sizes=\"auto, (max-width: 420px) 100vw, 420px\" \/><\/p>\n","protected":false},"excerpt":{"rendered":"<p>Program Herbicyd 2 Zawiera dane ro\u015blin, szkodnik\u00f3w (agrofag\u00f3w), \u015brodk\u00f3w ochrony ro\u015blin oraz sposob\u00f3w ich stosowania. Dane do bazy zebrane zosta\u0142y przez Jaros\u0142awa Gila. Aplikacja wsp\u00f3\u0142pracuje z programem OTR-7 Pobierz: \u00a0Herbicyd 2\u00a0&#8211; wersja [1.02] [2008-04-08]\u00a0(Vista\/XP\/2000\/98\/95\/Linux) &#8212;&#8212;&#8212;&#8212;&#8212;&#8212;&#8212;&#8212;&#8212;&#8211; poni\u017csze pliki zawieraj\u0105 dodatkowe dane do programu Pliki do wykorzystania wy\u0142\u0105cznie w ramach zaj\u0119\u0107 na Wydziale IPiE do pobrania po &#8230; <a title=\"Herbicyd\" class=\"read-more\" href=\"https:\/\/mcpk.net\/?page_id=133\" aria-label=\"Dowiedz si\u0119 wi\u0119cej o Herbicyd\">Dowiedz si\u0119 wi\u0119cej<\/a><\/p>\n","protected":false},"author":2,"featured_media":0,"parent":0,"menu_order":0,"comment_status":"closed","ping_status":"closed","template":"","meta":{"footnotes":""},"class_list":["post-133","page","type-page","status-publish"],"_links":{"self":[{"href":"https:\/\/mcpk.net\/index.php?rest_route=\/wp\/v2\/pages\/133","targetHints":{"allow":["GET"]}}],"collection":[{"href":"https:\/\/mcpk.net\/index.php?rest_route=\/wp\/v2\/pages"}],"about":[{"href":"https:\/\/mcpk.net\/index.php?rest_route=\/wp\/v2\/types\/page"}],"author":[{"embeddable":true,"href":"https:\/\/mcpk.net\/index.php?rest_route=\/wp\/v2\/users\/2"}],"replies":[{"embeddable":true,"href":"https:\/\/mcpk.net\/index.php?rest_route=%2Fwp%2Fv2%2Fcomments&post=133"}],"version-history":[{"count":9,"href":"https:\/\/mcpk.net\/index.php?rest_route=\/wp\/v2\/pages\/133\/revisions"}],"predecessor-version":[{"id":627,"href":"https:\/\/mcpk.net\/index.php?rest_route=\/wp\/v2\/pages\/133\/revisions\/627"}],"wp:attachment":[{"href":"https:\/\/mcpk.net\/index.php?rest_route=%2Fwp%2Fv2%2Fmedia&parent=133"}],"curies":[{"name":"wp","href":"https:\/\/api.w.org\/{rel}","templated":true}]}}