{"id":129,"date":"2021-01-10T21:53:11","date_gmt":"2021-01-10T20:53:11","guid":{"rendered":"https:\/\/mcpknet.pl\/?page_id=129"},"modified":"2025-10-27T21:51:25","modified_gmt":"2025-10-27T20:51:25","slug":"nawozy","status":"publish","type":"page","link":"https:\/\/mcpk.net\/?page_id=129","title":{"rendered":"Nawozy"},"content":{"rendered":"<h2>Program Nawozy<\/h2>\n<p>Program do wyliczania dawki nawoz\u00f3w.<\/p>\n<p>Dawka wyliczana jest na podstawie zawarto\u015bci w glebie sk\u0142adnika oraz podstawowych czynnik\u00f3w warunkuj\u0105cych wielko\u015b\u0107 nawo\u017cenia. Program Nawozy-5 wylicza potrzeby nawo\u017cenia przy pomocy metody bilansowej (lub metody tabelarycznej).<br \/>\nProgram wylicza dawk\u0119 czystego sk\u0142adnika, oraz dawk\u0119 konkretnego nawozu.<\/p>\n<hr \/>\n<p>Aplikacja wsp\u00f3\u0142pracuje z programem <a href=\"https:\/\/mcpk.net\/?page_id=115\">OTR-7 <img loading=\"lazy\" decoding=\"async\" class=\"alignnone size-full wp-image-265\" src=\"https:\/\/mcpk.net\/wp-content\/uploads\/2021\/01\/traktor.gif\" alt=\"\" width=\"32\" height=\"32\" \/><\/a><\/p>\n<hr \/>\n<p>&#8211; <a href=\"https:\/\/mcpk.net\/cupial\/Nawozy7\/\">Nawozy-7<\/a> &#8211; testowa wersja aplikacji<\/p>\n<hr \/>\n<p><u>Pobierz:<\/u><\/p>\n<p><a href=\"https:\/\/mcpk.net\/cupial\/zip\/Nawozy5_install.exe\"><img loading=\"lazy\" decoding=\"async\" class=\"alignnone wp-image-210\" src=\"https:\/\/mcpk.net\/wp-content\/uploads\/2021\/01\/pobierz.png\" alt=\"\" width=\"50\" height=\"50\" \/> Nawozy 5 <\/a> &#8211; wersja [3.12] [2019-10-23]<!-- [Nawozy5] --><\/p>\n<h6>Zapraszam do zarejestrowania programu, co pozwoli uzyska\u0107 dost\u0119p do jego pe\u0142nej funkcjonalno\u015bci. Rejestracja jest bezp\u0142atna.<br \/>\nAby zarejestrowa\u0107 program wype\u0142nij <a href=\"http:\/\/mc.wipie.ur.krakow.pl\/rejestracje\/\">FORMULARZ REJESTRACYJNY<\/a><\/h6>\n<p>&nbsp;<\/p>\n<hr \/>\n<p><u>Zrzuty ekranu<\/u><\/p>\n<p><img loading=\"lazy\" decoding=\"async\" class=\"alignnone size-full wp-image-221\" src=\"https:\/\/mcpk.net\/wp-content\/uploads\/2021\/01\/snap_npk2.jpg\" alt=\"\" width=\"426\" height=\"300\" srcset=\"https:\/\/mcpk.net\/wp-content\/uploads\/2021\/01\/snap_npk2.jpg 426w, https:\/\/mcpk.net\/wp-content\/uploads\/2021\/01\/snap_npk2-300x211.jpg 300w\" sizes=\"auto, (max-width: 426px) 100vw, 426px\" \/><\/p>\n","protected":false},"excerpt":{"rendered":"<p>Program Nawozy Program do wyliczania dawki nawoz\u00f3w. Dawka wyliczana jest na podstawie zawarto\u015bci w glebie sk\u0142adnika oraz podstawowych czynnik\u00f3w warunkuj\u0105cych wielko\u015b\u0107 nawo\u017cenia. Program Nawozy-5 wylicza potrzeby nawo\u017cenia przy pomocy metody bilansowej (lub metody tabelarycznej). Program wylicza dawk\u0119 czystego sk\u0142adnika, oraz dawk\u0119 konkretnego nawozu. Aplikacja wsp\u00f3\u0142pracuje z programem OTR-7 &#8211; Nawozy-7 &#8211; testowa wersja aplikacji Pobierz: &#8230; <a title=\"Nawozy\" class=\"read-more\" href=\"https:\/\/mcpk.net\/?page_id=129\" aria-label=\"Dowiedz si\u0119 wi\u0119cej o Nawozy\">Dowiedz si\u0119 wi\u0119cej<\/a><\/p>\n","protected":false},"author":2,"featured_media":0,"parent":0,"menu_order":0,"comment_status":"closed","ping_status":"closed","template":"","meta":{"footnotes":""},"class_list":["post-129","page","type-page","status-publish"],"_links":{"self":[{"href":"https:\/\/mcpk.net\/index.php?rest_route=\/wp\/v2\/pages\/129","targetHints":{"allow":["GET"]}}],"collection":[{"href":"https:\/\/mcpk.net\/index.php?rest_route=\/wp\/v2\/pages"}],"about":[{"href":"https:\/\/mcpk.net\/index.php?rest_route=\/wp\/v2\/types\/page"}],"author":[{"embeddable":true,"href":"https:\/\/mcpk.net\/index.php?rest_route=\/wp\/v2\/users\/2"}],"replies":[{"embeddable":true,"href":"https:\/\/mcpk.net\/index.php?rest_route=%2Fwp%2Fv2%2Fcomments&post=129"}],"version-history":[{"count":23,"href":"https:\/\/mcpk.net\/index.php?rest_route=\/wp\/v2\/pages\/129\/revisions"}],"predecessor-version":[{"id":640,"href":"https:\/\/mcpk.net\/index.php?rest_route=\/wp\/v2\/pages\/129\/revisions\/640"}],"wp:attachment":[{"href":"https:\/\/mcpk.net\/index.php?rest_route=%2Fwp%2Fv2%2Fmedia&parent=129"}],"curies":[{"name":"wp","href":"https:\/\/api.w.org\/{rel}","templated":true}]}}