{"id":127,"date":"2021-01-10T21:53:01","date_gmt":"2021-01-10T20:53:01","guid":{"rendered":"https:\/\/mcpknet.pl\/?page_id=127"},"modified":"2025-10-27T21:47:31","modified_gmt":"2025-10-27T20:47:31","slug":"maszyny","status":"publish","type":"page","link":"https:\/\/mcpk.net\/?page_id=127","title":{"rendered":"Maszyny"},"content":{"rendered":"<h2>Program &#8222;Maszyny&#8221;<\/h2>\n<p>Zawiera dane kilku tysi\u0119cy maszyn, s\u0105 te\u017c adresy producent\u00f3w i sprzedawc\u00f3w.<\/p>\n<hr \/>\n<p>Aplikacja wsp\u00f3\u0142pracuje z programem <a href=\"https:\/\/mcpk.net\/?page_id=115\">OTR-7 <img loading=\"lazy\" decoding=\"async\" class=\"alignnone size-full wp-image-265\" src=\"https:\/\/mcpk.net\/wp-content\/uploads\/2021\/01\/traktor.gif\" alt=\"\" width=\"32\" height=\"32\" \/><\/a><\/p>\n<hr \/>\n<p>&#8211; <a href=\"http:\/\/149.156.38.51\/maszyny3\">Maszyny 3 <\/a> &#8211; wersja internetowa aplikacji<\/p>\n<hr \/>\n<p><u>Pobierz:<\/u><br \/>\n<a href=\"https:\/\/mcpk.net\/cupial\/zip\/Maszyny4_install.exe\"><img loading=\"lazy\" decoding=\"async\" class=\"alignnone size-full wp-image-210\" src=\"https:\/\/mcpk.net\/wp-content\/uploads\/2021\/01\/pobierz.png\" alt=\"\" width=\"50\" height=\"50\" \/>\u00a0Maszyny 4<\/a> &#8211; wersja [1.12] [2021-10-04] <!-- [Maszyny4] --> (W10\/W8\/W7\/XP\/Linux)<\/p>\n<p>* program do wykorzystania do cel\u00f3w dydaktycznych na Wydziale IPiE, baza danych aktualizowana przez student\u00f3w wydzia\u0142u<\/p>\n<h6>Zapraszam do zarejestrowania programu, co pozwoli uzyska\u0107 dost\u0119p do jego pe\u0142nej funkcjonalno\u015bci. Rejestracja jest bezp\u0142atna.<br \/>\nAby zarejestrowa\u0107 program wype\u0142nij\u00a0<a href=\"http:\/\/mc.wipie.ur.krakow.pl\/rejestracje\/\">FORMULARZ REJESTRACYJNY<\/a><\/h6>\n<hr \/>\n<p><u>Zrzuty ekranu<\/u><\/p>\n<p><img loading=\"lazy\" decoding=\"async\" class=\"alignnone wp-image-272 size-full\" src=\"https:\/\/mcpk.net\/wp-content\/uploads\/2021\/01\/snap_maszyny2.jpg\" alt=\"\" width=\"420\" height=\"300\" srcset=\"https:\/\/mcpk.net\/wp-content\/uploads\/2021\/01\/snap_maszyny2.jpg 420w, https:\/\/mcpk.net\/wp-content\/uploads\/2021\/01\/snap_maszyny2-300x214.jpg 300w\" sizes=\"auto, (max-width: 420px) 100vw, 420px\" \/> <img loading=\"lazy\" decoding=\"async\" class=\"alignnone wp-image-273 \" src=\"https:\/\/mcpk.net\/wp-content\/uploads\/2021\/01\/snap_maszyny4.png\" alt=\"\" width=\"416\" height=\"300\" srcset=\"https:\/\/mcpk.net\/wp-content\/uploads\/2021\/01\/snap_maszyny4.png 796w, https:\/\/mcpk.net\/wp-content\/uploads\/2021\/01\/snap_maszyny4-300x217.png 300w, https:\/\/mcpk.net\/wp-content\/uploads\/2021\/01\/snap_maszyny4-768x555.png 768w\" sizes=\"auto, (max-width: 416px) 100vw, 416px\" \/><\/p>\n<p>&nbsp;<\/p>\n","protected":false},"excerpt":{"rendered":"<p>Program &#8222;Maszyny&#8221; Zawiera dane kilku tysi\u0119cy maszyn, s\u0105 te\u017c adresy producent\u00f3w i sprzedawc\u00f3w. Aplikacja wsp\u00f3\u0142pracuje z programem OTR-7 &#8211; Maszyny 3 &#8211; wersja internetowa aplikacji Pobierz: \u00a0Maszyny 4 &#8211; wersja [1.12] [2021-10-04] (W10\/W8\/W7\/XP\/Linux) * program do wykorzystania do cel\u00f3w dydaktycznych na Wydziale IPiE, baza danych aktualizowana przez student\u00f3w wydzia\u0142u Zapraszam do zarejestrowania programu, co pozwoli &#8230; <a title=\"Maszyny\" class=\"read-more\" href=\"https:\/\/mcpk.net\/?page_id=127\" aria-label=\"Dowiedz si\u0119 wi\u0119cej o Maszyny\">Dowiedz si\u0119 wi\u0119cej<\/a><\/p>\n","protected":false},"author":2,"featured_media":0,"parent":0,"menu_order":0,"comment_status":"closed","ping_status":"closed","template":"","meta":{"footnotes":""},"class_list":["post-127","page","type-page","status-publish"],"_links":{"self":[{"href":"https:\/\/mcpk.net\/index.php?rest_route=\/wp\/v2\/pages\/127","targetHints":{"allow":["GET"]}}],"collection":[{"href":"https:\/\/mcpk.net\/index.php?rest_route=\/wp\/v2\/pages"}],"about":[{"href":"https:\/\/mcpk.net\/index.php?rest_route=\/wp\/v2\/types\/page"}],"author":[{"embeddable":true,"href":"https:\/\/mcpk.net\/index.php?rest_route=\/wp\/v2\/users\/2"}],"replies":[{"embeddable":true,"href":"https:\/\/mcpk.net\/index.php?rest_route=%2Fwp%2Fv2%2Fcomments&post=127"}],"version-history":[{"count":28,"href":"https:\/\/mcpk.net\/index.php?rest_route=\/wp\/v2\/pages\/127\/revisions"}],"predecessor-version":[{"id":637,"href":"https:\/\/mcpk.net\/index.php?rest_route=\/wp\/v2\/pages\/127\/revisions\/637"}],"wp:attachment":[{"href":"https:\/\/mcpk.net\/index.php?rest_route=%2Fwp%2Fv2%2Fmedia&parent=127"}],"curies":[{"name":"wp","href":"https:\/\/api.w.org\/{rel}","templated":true}]}}